{"id":1113,"date":"2023-04-17T14:05:10","date_gmt":"2023-04-17T12:05:10","guid":{"rendered":"https:\/\/saintpaulregina.be\/r\/?page_id=1113"},"modified":"2024-10-02T09:55:10","modified_gmt":"2024-10-02T07:55:10","slug":"pse","status":"publish","type":"page","link":"https:\/\/saintpaulregina.be\/r\/pse\/","title":{"rendered":"PSE"},"content":{"rendered":"\n<div data-wp-interactive=\"core\/file\" class=\"wp-block-file\"><object data-wp-bind--hidden=\"!state.hasPdfPreview\" hidden class=\"wp-block-file__embed\" data=\"https:\/\/saintpaulregina.be\/r\/wp-content\/uploads\/2023\/04\/PSE_depliant_2018.pdf\" type=\"application\/pdf\" style=\"width:100%;height:600px\" aria-label=\"Contenu embarqu\u00e9 PSE_depliant_2018.\"><\/object><a id=\"wp-block-file--media-d4ee2d9e-3033-4d0a-a7a1-a1a94b3ebe77\" href=\"https:\/\/saintpaulregina.be\/r\/wp-content\/uploads\/2023\/04\/PSE_depliant_2018.pdf\">PSE_depliant_2018<\/a><a href=\"https:\/\/saintpaulregina.be\/r\/wp-content\/uploads\/2023\/04\/PSE_depliant_2018.pdf\" class=\"wp-block-file__button wp-element-button\" download aria-describedby=\"wp-block-file--media-d4ee2d9e-3033-4d0a-a7a1-a1a94b3ebe77\">Download<\/a><\/div>\n\n\n\n<figure class=\"wp-block-image size-full\"><img fetchpriority=\"high\" decoding=\"async\" width=\"284\" height=\"339\" src=\"https:\/\/saintpaulregina.be\/r\/wp-content\/uploads\/2023\/04\/Marie-2.jpg\" alt=\"\" class=\"wp-image-1120\" srcset=\"https:\/\/saintpaulregina.be\/r\/wp-content\/uploads\/2023\/04\/Marie-2.jpg 284w, https:\/\/saintpaulregina.be\/r\/wp-content\/uploads\/2023\/04\/Marie-2-251x300.jpg 251w, https:\/\/saintpaulregina.be\/r\/wp-content\/uploads\/2023\/04\/Marie-2-226x270.jpg 226w\" sizes=\"(max-width: 284px) 100vw, 284px\" \/><\/figure>\n\n\n\n<p>Marie Vanbrusselen &#8211; infirmi\u00e8re au centre PSE<\/p>\n\n\n\n<div class=\"wp-block-file\"><a id=\"wp-block-file--media-13f5cee1-a163-480c-a670-950f94b3e458\" href=\"https:\/\/saintpaulregina.be\/r\/wp-content\/uploads\/2024\/10\/27-08-2024_02-38-57-104_8.Liste-Maladies-Transmissibles.doc\">Maladies transmissibles<\/a><a href=\"https:\/\/saintpaulregina.be\/r\/wp-content\/uploads\/2024\/10\/27-08-2024_02-38-57-104_8.Liste-Maladies-Transmissibles.doc\" class=\"wp-block-file__button wp-element-button\" download aria-describedby=\"wp-block-file--media-13f5cee1-a163-480c-a670-950f94b3e458\">T\u00e9l\u00e9charger<\/a><\/div>\n\n\n\n<div class=\"wp-block-file\"><a id=\"wp-block-file--media-ee66353f-6026-4efd-86e2-8b9694840b70\" href=\"https:\/\/saintpaulregina.be\/r\/wp-content\/uploads\/2024\/10\/27-08-2024_02-40-18-143_6.Procedure-meningite-destinee-aux-parents-2.doc\">Proc\u00e9dure m\u00e9ningite destin\u00e9e aux parents<\/a><a href=\"https:\/\/saintpaulregina.be\/r\/wp-content\/uploads\/2024\/10\/27-08-2024_02-40-18-143_6.Procedure-meningite-destinee-aux-parents-2.doc\" class=\"wp-block-file__button wp-element-button\" download aria-describedby=\"wp-block-file--media-ee66353f-6026-4efd-86e2-8b9694840b70\">T\u00e9l\u00e9charger<\/a><\/div>\n\n\n\n<div class=\"wp-block-file\"><a id=\"wp-block-file--media-499eead8-79ba-4dfd-97c7-f814af530933\" href=\"https:\/\/saintpaulregina.be\/r\/wp-content\/uploads\/2024\/10\/27-08-2024_02-41-28-869_7.Procedure-dalerte-nucleaire.doc\">Proc\u00e9dure d&#8217;alerte nucl\u00e9aire<\/a><a href=\"https:\/\/saintpaulregina.be\/r\/wp-content\/uploads\/2024\/10\/27-08-2024_02-41-28-869_7.Procedure-dalerte-nucleaire.doc\" class=\"wp-block-file__button wp-element-button\" download aria-describedby=\"wp-block-file--media-499eead8-79ba-4dfd-97c7-f814af530933\">T\u00e9l\u00e9charger<\/a><\/div>\n\n\n\n<p><\/p>\n","protected":false},"excerpt":{"rendered":"<p>Marie Vanbrusselen &#8211; infirmi\u00e8re au centre PSE<\/p>\n","protected":false},"author":3,"featured_media":0,"parent":0,"menu_order":0,"comment_status":"closed","ping_status":"closed","template":"","meta":{"footnotes":""},"class_list":["post-1113","page","type-page","status-publish","hentry"],"_links":{"self":[{"href":"https:\/\/saintpaulregina.be\/r\/wp-json\/wp\/v2\/pages\/1113","targetHints":{"allow":["GET"]}}],"collection":[{"href":"https:\/\/saintpaulregina.be\/r\/wp-json\/wp\/v2\/pages"}],"about":[{"href":"https:\/\/saintpaulregina.be\/r\/wp-json\/wp\/v2\/types\/page"}],"author":[{"embeddable":true,"href":"https:\/\/saintpaulregina.be\/r\/wp-json\/wp\/v2\/users\/3"}],"replies":[{"embeddable":true,"href":"https:\/\/saintpaulregina.be\/r\/wp-json\/wp\/v2\/comments?post=1113"}],"version-history":[{"count":5,"href":"https:\/\/saintpaulregina.be\/r\/wp-json\/wp\/v2\/pages\/1113\/revisions"}],"predecessor-version":[{"id":3595,"href":"https:\/\/saintpaulregina.be\/r\/wp-json\/wp\/v2\/pages\/1113\/revisions\/3595"}],"wp:attachment":[{"href":"https:\/\/saintpaulregina.be\/r\/wp-json\/wp\/v2\/media?parent=1113"}],"curies":[{"name":"wp","href":"https:\/\/api.w.org\/{rel}","templated":true}]}}