{"id":126,"date":"2019-08-18T14:41:18","date_gmt":"2019-08-18T12:41:18","guid":{"rendered":"https:\/\/www.aalmweb.be\/regina\/?page_id=126"},"modified":"2026-04-02T20:41:58","modified_gmt":"2026-04-02T18:41:58","slug":"venez-decouvrir-notre-ecole-familiale-qui-rayonne-de-mille-projets","status":"publish","type":"page","link":"https:\/\/saintpaulregina.be\/r\/","title":{"rendered":"Accueil"},"content":{"rendered":"\t\t<div data-elementor-type=\"wp-page\" data-elementor-id=\"126\" class=\"elementor elementor-126\">\n\t\t\t\t\t\t<section class=\"elementor-section elementor-top-section elementor-element elementor-element-d8e6ce8 elementor-section-boxed elementor-section-height-default elementor-section-height-default\" data-id=\"d8e6ce8\" data-element_type=\"section\">\n\t\t\t\t\t\t<div class=\"elementor-container elementor-column-gap-default\">\n\t\t\t\t\t<div class=\"elementor-column elementor-col-100 elementor-top-column elementor-element elementor-element-1314dd4\" data-id=\"1314dd4\" data-element_type=\"column\">\n\t\t\t<div class=\"elementor-widget-wrap elementor-element-populated\">\n\t\t\t\t\t\t<div class=\"elementor-element elementor-element-d30ac53 elementor-widget__width-initial elementor-widget elementor-widget-image\" data-id=\"d30ac53\" data-element_type=\"widget\" data-widget_type=\"image.default\">\n\t\t\t\t<div class=\"elementor-widget-container\">\n\t\t\t<style>\/*! elementor - v3.19.0 - 29-01-2024 *\/\n.elementor-widget-image{text-align:center}.elementor-widget-image a{display:inline-block}.elementor-widget-image a img[src$=\".svg\"]{width:48px}.elementor-widget-image img{vertical-align:middle;display:inline-block}<\/style>\t\t\t\t\t\t\t\t\t\t<img fetchpriority=\"high\" decoding=\"async\" width=\"768\" height=\"286\" src=\"https:\/\/saintpaulregina.be\/r\/wp-content\/uploads\/2022\/01\/cropped-logo-scaled-1-768x286.jpg\" class=\"attachment-medium_large size-medium_large wp-image-6\" alt=\"\" srcset=\"https:\/\/saintpaulregina.be\/r\/wp-content\/uploads\/2022\/01\/cropped-logo-scaled-1-768x286.jpg 768w, https:\/\/saintpaulregina.be\/r\/wp-content\/uploads\/2022\/01\/cropped-logo-scaled-1-300x112.jpg 300w, https:\/\/saintpaulregina.be\/r\/wp-content\/uploads\/2022\/01\/cropped-logo-scaled-1-1024x381.jpg 1024w, https:\/\/saintpaulregina.be\/r\/wp-content\/uploads\/2022\/01\/cropped-logo-scaled-1-1536x571.jpg 1536w, https:\/\/saintpaulregina.be\/r\/wp-content\/uploads\/2022\/01\/cropped-logo-scaled-1-2048x762.jpg 2048w, https:\/\/saintpaulregina.be\/r\/wp-content\/uploads\/2022\/01\/cropped-logo-scaled-1-360x134.jpg 360w\" sizes=\"(max-width: 768px) 100vw, 768px\" \/>\t\t\t\t\t\t\t\t\t\t\t\t\t<\/div>\n\t\t\t\t<\/div>\n\t\t\t\t<div class=\"elementor-element elementor-element-c6589c4 elementor-widget__width-initial elementor-widget elementor-widget-heading\" data-id=\"c6589c4\" data-element_type=\"widget\" data-widget_type=\"heading.default\">\n\t\t\t\t<div class=\"elementor-widget-container\">\n\t\t\t<style>\/*! elementor - v3.19.0 - 29-01-2024 *\/\n.elementor-heading-title{padding:0;margin:0;line-height:1}.elementor-widget-heading .elementor-heading-title[class*=elementor-size-]>a{color:inherit;font-size:inherit;line-height:inherit}.elementor-widget-heading .elementor-heading-title.elementor-size-small{font-size:15px}.elementor-widget-heading .elementor-heading-title.elementor-size-medium{font-size:19px}.elementor-widget-heading .elementor-heading-title.elementor-size-large{font-size:29px}.elementor-widget-heading .elementor-heading-title.elementor-size-xl{font-size:39px}.elementor-widget-heading .elementor-heading-title.elementor-size-xxl{font-size:59px}<\/style><h1 class=\"elementor-heading-title elementor-size-default\"><br>         Bienvenue sur le site de Regina<\/h1>\t\t<\/div>\n\t\t\t\t<\/div>\n\t\t\t\t\t<\/div>\n\t\t<\/div>\n\t\t\t\t\t<\/div>\n\t\t<\/section>\n\t\t\t\t<section class=\"elementor-section elementor-top-section elementor-element elementor-element-835685b elementor-section-boxed elementor-section-height-default elementor-section-height-default\" data-id=\"835685b\" data-element_type=\"section\">\n\t\t\t\t\t\t<div class=\"elementor-container elementor-column-gap-default\">\n\t\t\t\t\t<div class=\"elementor-column elementor-col-50 elementor-top-column elementor-element elementor-element-a50e3b2\" data-id=\"a50e3b2\" data-element_type=\"column\">\n\t\t\t<div class=\"elementor-widget-wrap elementor-element-populated\">\n\t\t\t\t\t\t<div class=\"elementor-element elementor-element-06e7e8e elementor-widget elementor-widget-text-editor\" data-id=\"06e7e8e\" data-element_type=\"widget\" data-widget_type=\"text-editor.default\">\n\t\t\t\t<div class=\"elementor-widget-container\">\n\t\t\t<style>\/*! elementor - v3.19.0 - 29-01-2024 *\/\n.elementor-widget-text-editor.elementor-drop-cap-view-stacked .elementor-drop-cap{background-color:#69727d;color:#fff}.elementor-widget-text-editor.elementor-drop-cap-view-framed .elementor-drop-cap{color:#69727d;border:3px solid;background-color:transparent}.elementor-widget-text-editor:not(.elementor-drop-cap-view-default) .elementor-drop-cap{margin-top:8px}.elementor-widget-text-editor:not(.elementor-drop-cap-view-default) .elementor-drop-cap-letter{width:1em;height:1em}.elementor-widget-text-editor .elementor-drop-cap{float:left;text-align:center;line-height:1;font-size:50px}.elementor-widget-text-editor .elementor-drop-cap-letter{display:inline-block}<\/style>\t\t\t\t<p><!-- wp:paragraph --><\/p>\n<header class=\"entry-header\">\n<p class=\"entry-title\"><span style=\"font-size: 16px;\">L&#8217;\u00e9cole Regina est situ\u00e9e dans un cadre verdoyant.&nbsp;<\/span><\/p>\n<\/header>\n<p>Cette implantation se veut familiale.<\/p>\n<p>Gr\u00e2ce \u00e0 son \u00e9quipe dynamique, ses projets, son potager ainsi que les valeurs v\u00e9hicul\u00e9es au sein de celle-ci,&nbsp;<\/p>\n<p>l\u2019\u00e9cole accompagne chaque enfant durant son parcours scolaire, de deux ans et demi \u00e0 douze ans.<\/p>\n<p><!-- \/wp:paragraph --><!-- wp:paragraph --><\/p>\n<p>Soyez curieux, et venez nous d\u00e9couvrir.<\/p>\n<p>Au plaisir de vous rencontrer.<\/p>\n<p>L&#8217;\u00e9quipe \u00e9ducative et la direction<\/p>\n<p><!-- \/wp:paragraph --><\/p>\t\t\t\t\t\t<\/div>\n\t\t\t\t<\/div>\n\t\t\t\t<div class=\"elementor-element elementor-element-51046d8 elementor-widget elementor-widget-image\" data-id=\"51046d8\" data-element_type=\"widget\" data-widget_type=\"image.default\">\n\t\t\t\t<div class=\"elementor-widget-container\">\n\t\t\t\t\t\t\t\t\t\t\t\t\t<img decoding=\"async\" width=\"150\" height=\"150\" src=\"https:\/\/saintpaulregina.be\/r\/wp-content\/uploads\/2025\/05\/qrcode-insta-regina-150x150.jpg\" class=\"attachment-thumbnail size-thumbnail wp-image-4462\" alt=\"\" \/>\t\t\t\t\t\t\t\t\t\t\t\t\t<\/div>\n\t\t\t\t<\/div>\n\t\t\t\t\t<\/div>\n\t\t<\/div>\n\t\t\t\t<div class=\"elementor-column elementor-col-50 elementor-top-column elementor-element elementor-element-c3fd574\" data-id=\"c3fd574\" data-element_type=\"column\">\n\t\t\t<div class=\"elementor-widget-wrap elementor-element-populated\">\n\t\t\t\t\t\t<div class=\"elementor-element elementor-element-c8f48f8 elementor-widget__width-initial elementor-widget elementor-widget-video\" data-id=\"c8f48f8\" data-element_type=\"widget\" data-settings=\"{&quot;video_type&quot;:&quot;hosted&quot;,&quot;controls&quot;:&quot;yes&quot;}\" data-widget_type=\"video.default\">\n\t\t\t\t<div class=\"elementor-widget-container\">\n\t\t\t<style>\/*! elementor - v3.19.0 - 29-01-2024 *\/\n.elementor-widget-video .elementor-widget-container{overflow:hidden;transform:translateZ(0)}.elementor-widget-video .elementor-wrapper{aspect-ratio:var(--video-aspect-ratio)}.elementor-widget-video .elementor-wrapper iframe,.elementor-widget-video .elementor-wrapper video{height:100%;width:100%;display:flex;border:none;background-color:#000}@supports not (aspect-ratio:1\/1){.elementor-widget-video .elementor-wrapper{position:relative;overflow:hidden;height:0;padding-bottom:calc(100% \/ var(--video-aspect-ratio))}.elementor-widget-video .elementor-wrapper iframe,.elementor-widget-video .elementor-wrapper video{position:absolute;top:0;right:0;bottom:0;left:0}}.elementor-widget-video .elementor-open-inline .elementor-custom-embed-image-overlay{position:absolute;top:0;right:0;bottom:0;left:0;background-size:cover;background-position:50%}.elementor-widget-video .elementor-custom-embed-image-overlay{cursor:pointer;text-align:center}.elementor-widget-video .elementor-custom-embed-image-overlay:hover .elementor-custom-embed-play i{opacity:1}.elementor-widget-video .elementor-custom-embed-image-overlay img{display:block;width:100%;aspect-ratio:var(--video-aspect-ratio);-o-object-fit:cover;object-fit:cover;-o-object-position:center center;object-position:center center}@supports not (aspect-ratio:1\/1){.elementor-widget-video .elementor-custom-embed-image-overlay{position:relative;overflow:hidden;height:0;padding-bottom:calc(100% \/ var(--video-aspect-ratio))}.elementor-widget-video .elementor-custom-embed-image-overlay img{position:absolute;top:0;right:0;bottom:0;left:0}}.elementor-widget-video .e-hosted-video .elementor-video{-o-object-fit:cover;object-fit:cover}.e-con-inner>.elementor-widget-video,.e-con>.elementor-widget-video{width:var(--container-widget-width);--flex-grow:var(--container-widget-flex-grow)}<\/style>\t\t<div class=\"e-hosted-video elementor-wrapper elementor-open-inline\">\n\t\t\t\t\t<video class=\"elementor-video\" src=\"https:\/\/saintpaulregina.be\/r\/wp-content\/uploads\/2024\/08\/VID-20240606-WA0001.mp4\" controls=\"\" preload=\"auto\"><\/video>\n\t\t\t\t<\/div>\n\t\t\t\t<\/div>\n\t\t\t\t<\/div>\n\t\t\t\t\t<\/div>\n\t\t<\/div>\n\t\t\t\t\t<\/div>\n\t\t<\/section>\n\t\t\t\t<section class=\"elementor-section elementor-top-section elementor-element elementor-element-5686ada elementor-section-boxed elementor-section-height-default elementor-section-height-default\" data-id=\"5686ada\" data-element_type=\"section\">\n\t\t\t\t\t\t<div class=\"elementor-container elementor-column-gap-default\">\n\t\t\t\t\t<div class=\"elementor-column elementor-col-50 elementor-top-column elementor-element elementor-element-74521fe\" data-id=\"74521fe\" data-element_type=\"column\">\n\t\t\t<div class=\"elementor-widget-wrap\">\n\t\t\t\t\t\t\t<\/div>\n\t\t<\/div>\n\t\t\t\t<div class=\"elementor-column elementor-col-50 elementor-top-column elementor-element elementor-element-9f566b9\" data-id=\"9f566b9\" data-element_type=\"column\">\n\t\t\t<div class=\"elementor-widget-wrap\">\n\t\t\t\t\t\t\t<\/div>\n\t\t<\/div>\n\t\t\t\t\t<\/div>\n\t\t<\/section>\n\t\t\t\t<section class=\"elementor-section elementor-top-section elementor-element elementor-element-3bf6028 elementor-section-boxed elementor-section-height-default elementor-section-height-default\" data-id=\"3bf6028\" data-element_type=\"section\">\n\t\t\t\t\t\t<div class=\"elementor-container elementor-column-gap-default\">\n\t\t\t\t\t<div class=\"elementor-column elementor-col-33 elementor-top-column elementor-element elementor-element-81364a0\" data-id=\"81364a0\" data-element_type=\"column\" data-settings=\"{&quot;background_background&quot;:&quot;classic&quot;}\">\n\t\t\t<div class=\"elementor-widget-wrap elementor-element-populated\">\n\t\t\t\t\t\t<div class=\"elementor-element elementor-element-bc1173b elementor-widget elementor-widget-text-editor\" data-id=\"bc1173b\" data-element_type=\"widget\" data-widget_type=\"text-editor.default\">\n\t\t\t\t<div class=\"elementor-widget-container\">\n\t\t\t\t\t\t\t<h2>Actualit\u00e9s :<\/h2>\n<ul>\n<li>C\u00e9l\u00e9bration de P\u00e2ques: le vendredi 3 avril 2026<\/li>\n<li>F\u00eates des parents : mercredi 2 7avril 2026<\/li>\n<\/ul>\t\t\t\t\t\t<\/div>\n\t\t\t\t<\/div>\n\t\t\t\t<div class=\"elementor-element elementor-element-ba9d6d4 elementor-widget elementor-widget-text-editor\" data-id=\"ba9d6d4\" data-element_type=\"widget\" data-widget_type=\"text-editor.default\">\n\t\t\t\t<div class=\"elementor-widget-container\">\n\t\t\t\t\t\t\t\t\t\t\t\t\t<\/div>\n\t\t\t\t<\/div>\n\t\t\t\t\t<\/div>\n\t\t<\/div>\n\t\t\t\t<div class=\"elementor-column elementor-col-33 elementor-top-column elementor-element elementor-element-fc9a033\" data-id=\"fc9a033\" data-element_type=\"column\" data-settings=\"{&quot;background_background&quot;:&quot;classic&quot;}\">\n\t\t\t<div class=\"elementor-widget-wrap elementor-element-populated\">\n\t\t\t\t\t\t<div class=\"elementor-element elementor-element-bda8946 elementor-widget elementor-widget-text-editor\" data-id=\"bda8946\" data-element_type=\"widget\" data-widget_type=\"text-editor.default\">\n\t\t\t\t<div class=\"elementor-widget-container\">\n\t\t\t\t\t\t\t<h2>Ev\u00e8nements :\u00a0\u00a0<\/h2>\n<p>-Le petit d\u00e9jeuner : le mardi 2 septembre 2025<\/p>\n<p>-Marche parrain\u00e9e : le vendredi 3 octobre 2025<\/p>\n<p>-F\u00eate d&#8217;Halloween : le mercredi 15 octobre 2025<\/p>\n<p>-Action pour les d\u00e9munis : semaine du 8 d\u00e9cembre 2025<\/p>\n<p>-La c\u00e9l\u00e9bration de No\u00ebl : le mardi 16 d\u00e9cembre 2025<\/p>\n<p>-Carnaval \u00e0 l&#8217;\u00e9cole: le mercredi 11 f\u00e9vrier 2026<\/p>\n<p>-La c\u00e9l\u00e9bration de P\u00e2ques: semaine du 30 mars 2026<\/p>\n<p>-F\u00eates des parents: le mercredi 27 mai 2026<\/p>\n<p>-La Fancy fair : le samedi 30 mai 2026<\/p>\n<p>-Remise des dipl\u00f4mes M3 et P6 : le mardi 30 juin 2026<\/p>\t\t\t\t\t\t<\/div>\n\t\t\t\t<\/div>\n\t\t\t\t\t<\/div>\n\t\t<\/div>\n\t\t\t\t<div class=\"elementor-column elementor-col-33 elementor-top-column elementor-element elementor-element-f004668\" data-id=\"f004668\" data-element_type=\"column\" data-settings=\"{&quot;background_background&quot;:&quot;classic&quot;}\">\n\t\t\t<div class=\"elementor-widget-wrap elementor-element-populated\">\n\t\t\t\t\t\t<div class=\"elementor-element elementor-element-ef0bf32 elementor-widget elementor-widget-text-editor\" data-id=\"ef0bf32\" data-element_type=\"widget\" data-widget_type=\"text-editor.default\">\n\t\t\t\t<div class=\"elementor-widget-container\">\n\t\t\t\t\t\t\t<h2>Contact :<\/h2>\n<p>Parvis Chantecler 10<br \/>1180 &#8211; Uccle<\/p>\n<p>T\u00e9l\u00e9phone de l&#8217;\u00e9cole : 02 \/ 374 09 76<\/p>\n<p>T\u00e9l\u00e9phone du secr\u00e9tariat : 02 \/ 376 62 37<\/p>\n<p>GSM de la direction : 0475 \/ 24 44 47<\/p>\n<p>Gsm de la garderie\u00a0: 0470 08 76 10<\/p>\n<p>E-mail : <a href=\"mailto:direction.saintpaulregina@gmail.com\" target=\"_blank\" rel=\"noopener\">direction@saintpaulregina.be<\/a><\/p>\n<p>E-mail : secretariat@saintpaulregina.be<\/p>\n<p>\u00a0<\/p>\t\t\t\t\t\t<\/div>\n\t\t\t\t<\/div>\n\t\t\t\t\t<\/div>\n\t\t<\/div>\n\t\t\t\t\t<\/div>\n\t\t<\/section>\n\t\t\t\t<section class=\"elementor-section elementor-top-section elementor-element elementor-element-c89a7e6 elementor-section-boxed elementor-section-height-default elementor-section-height-default\" data-id=\"c89a7e6\" data-element_type=\"section\">\n\t\t\t\t\t\t<div class=\"elementor-container elementor-column-gap-default\">\n\t\t\t\t\t<div class=\"elementor-column elementor-col-100 elementor-top-column elementor-element elementor-element-415f044\" data-id=\"415f044\" data-element_type=\"column\">\n\t\t\t<div class=\"elementor-widget-wrap\">\n\t\t\t\t\t\t\t<\/div>\n\t\t<\/div>\n\t\t\t\t\t<\/div>\n\t\t<\/section>\n\t\t\t\t<section class=\"elementor-section elementor-top-section elementor-element elementor-element-3ec9e6d elementor-section-boxed elementor-section-height-default elementor-section-height-default\" data-id=\"3ec9e6d\" data-element_type=\"section\">\n\t\t\t\t\t\t<div class=\"elementor-container elementor-column-gap-default\">\n\t\t\t\t\t<div class=\"elementor-column elementor-col-100 elementor-top-column elementor-element elementor-element-5cd1193\" data-id=\"5cd1193\" data-element_type=\"column\">\n\t\t\t<div class=\"elementor-widget-wrap\">\n\t\t\t\t\t\t\t<\/div>\n\t\t<\/div>\n\t\t\t\t\t<\/div>\n\t\t<\/section>\n\t\t\t\t<\/div>\n\t\t","protected":false},"excerpt":{"rendered":"<p>Bienvenue sur le site de Regina L&#8217;\u00e9cole Regina est situ\u00e9e dans un cadre verdoyant.&nbsp; Cette implantation se veut familiale. Gr\u00e2ce \u00e0 son \u00e9quipe dynamique, ses projets, son potager ainsi que les valeurs v\u00e9hicul\u00e9es au sein de celle-ci,&nbsp; l\u2019\u00e9cole accompagne chaque <a href=\"https:\/\/saintpaulregina.be\/r\/\" class=\"read-more\">En lire plus &#8230;<\/a><\/p>\n","protected":false},"author":1,"featured_media":0,"parent":0,"menu_order":0,"comment_status":"closed","ping_status":"closed","template":"","meta":{"footnotes":""},"class_list":["post-126","page","type-page","status-publish","hentry"],"_links":{"self":[{"href":"https:\/\/saintpaulregina.be\/r\/wp-json\/wp\/v2\/pages\/126","targetHints":{"allow":["GET"]}}],"collection":[{"href":"https:\/\/saintpaulregina.be\/r\/wp-json\/wp\/v2\/pages"}],"about":[{"href":"https:\/\/saintpaulregina.be\/r\/wp-json\/wp\/v2\/types\/page"}],"author":[{"embeddable":true,"href":"https:\/\/saintpaulregina.be\/r\/wp-json\/wp\/v2\/users\/1"}],"replies":[{"embeddable":true,"href":"https:\/\/saintpaulregina.be\/r\/wp-json\/wp\/v2\/comments?post=126"}],"version-history":[{"count":756,"href":"https:\/\/saintpaulregina.be\/r\/wp-json\/wp\/v2\/pages\/126\/revisions"}],"predecessor-version":[{"id":4832,"href":"https:\/\/saintpaulregina.be\/r\/wp-json\/wp\/v2\/pages\/126\/revisions\/4832"}],"wp:attachment":[{"href":"https:\/\/saintpaulregina.be\/r\/wp-json\/wp\/v2\/media?parent=126"}],"curies":[{"name":"wp","href":"https:\/\/api.w.org\/{rel}","templated":true}]}}