{"id":1562,"date":"2023-09-19T10:38:39","date_gmt":"2023-09-19T08:38:39","guid":{"rendered":"https:\/\/saintpaulregina.be\/r\/?page_id=1562"},"modified":"2025-10-20T11:07:45","modified_gmt":"2025-10-20T09:07:45","slug":"conseil-de-participation","status":"publish","type":"page","link":"https:\/\/saintpaulregina.be\/r\/conseil-de-participation\/","title":{"rendered":"Conseil de participation"},"content":{"rendered":"\n<p><\/p>\n\n\n\n<p><strong>Le conseil de participation<\/strong> est une assembl\u00e9e qui regroupe diff\u00e9rents membres de l\u2019\u00e9quipe \u00e9ducative: des parents, des enseignants, du personnel administratif.<\/p>\n\n\n\n<p>Son r\u00f4le est de discuter des questions importantes concernant l&#8217;\u00e9cole, d&#8217;\u00e9mettre des recommandations et de contribuer \u00e0 certaines prises de d\u00e9cision.<\/p>\n\n\n\n<p><\/p>\n\n\n\n<p><strong>Prochaines dates : <\/strong><\/p>\n\n\n\n<ul class=\"wp-block-list\">\n<li>Mercredi 15 octobre 2025<\/li>\n\n\n\n<li>Mercredi 4 f\u00e9vrier 2026<\/li>\n\n\n\n<li>Mercredi <\/li>\n<\/ul>\n","protected":false},"excerpt":{"rendered":"<p>Le conseil de participation est une assembl\u00e9e qui regroupe diff\u00e9rents membres de l\u2019\u00e9quipe \u00e9ducative: des parents, des enseignants, du personnel administratif. Son r\u00f4le est de discuter des questions importantes concernant l&#8217;\u00e9cole, d&#8217;\u00e9mettre des recommandations et de contribuer \u00e0 certaines prises <a href=\"https:\/\/saintpaulregina.be\/r\/conseil-de-participation\/\" class=\"read-more\">En lire plus &#8230;<\/a><\/p>\n","protected":false},"author":3,"featured_media":0,"parent":0,"menu_order":0,"comment_status":"closed","ping_status":"closed","template":"","meta":{"footnotes":""},"class_list":["post-1562","page","type-page","status-publish","hentry"],"_links":{"self":[{"href":"https:\/\/saintpaulregina.be\/r\/wp-json\/wp\/v2\/pages\/1562","targetHints":{"allow":["GET"]}}],"collection":[{"href":"https:\/\/saintpaulregina.be\/r\/wp-json\/wp\/v2\/pages"}],"about":[{"href":"https:\/\/saintpaulregina.be\/r\/wp-json\/wp\/v2\/types\/page"}],"author":[{"embeddable":true,"href":"https:\/\/saintpaulregina.be\/r\/wp-json\/wp\/v2\/users\/3"}],"replies":[{"embeddable":true,"href":"https:\/\/saintpaulregina.be\/r\/wp-json\/wp\/v2\/comments?post=1562"}],"version-history":[{"count":12,"href":"https:\/\/saintpaulregina.be\/r\/wp-json\/wp\/v2\/pages\/1562\/revisions"}],"predecessor-version":[{"id":4725,"href":"https:\/\/saintpaulregina.be\/r\/wp-json\/wp\/v2\/pages\/1562\/revisions\/4725"}],"wp:attachment":[{"href":"https:\/\/saintpaulregina.be\/r\/wp-json\/wp\/v2\/media?parent=1562"}],"curies":[{"name":"wp","href":"https:\/\/api.w.org\/{rel}","templated":true}]}}