{"id":25,"date":"2019-04-01T10:24:05","date_gmt":"2019-04-01T08:24:05","guid":{"rendered":"https:\/\/regina2.tshm.be\/?page_id=18"},"modified":"2025-08-27T15:16:17","modified_gmt":"2025-08-27T13:16:17","slug":"p1-p2","status":"publish","type":"page","link":"https:\/\/saintpaulregina.be\/r\/pedagogie\/p1-p2\/","title":{"rendered":"P1-P2"},"content":{"rendered":"\n<p>En 1\u00e8re primaire, les enfants apprennent \u00e0 lire gr\u00e2ce \u00e0 la m\u00e9thode des \u00ab&nbsp;Alphas&nbsp;\u00bb.&nbsp; Tr\u00e8s rapidement, les enfants sont capables de lire des petits mots simples.<\/p>\n\n\n\n<p>&nbsp;&nbsp;&nbsp;&nbsp;&nbsp;&nbsp;&nbsp;&nbsp;&nbsp; En deuxi\u00e8me ann\u00e9e, cette approche se poursuit avec la lecture des sons complexes. La compr\u00e9hension \u00e0 la lecture de petits romans s&#8217;ajoute au programme.<\/p>\n\n\n\n<p>&nbsp;&nbsp;&nbsp;&nbsp;&nbsp;&nbsp;&nbsp;&nbsp;&nbsp; L&#8217;apprentissage de l&#8217;\u00e9criture passe par diverses \u00e9tapes avant d&#8217;arriver au \u00ab papier-crayon \u00bb afin que les \u00e9l\u00e8ves ma\u00eetrisent parfaitement le geste et le sens graphique de chaque lettre.<\/p>\n\n\n\n<p>&nbsp;&nbsp;&nbsp;&nbsp;&nbsp;&nbsp;&nbsp;&nbsp;&nbsp; Nous utilisons \u00e9galement la m\u00e9thode de \u00ab La cigale \u00bb pour tout ce qui concerne le savoir parler et le savoir \u00e9couter. Les \u00e9l\u00e8ves apprennent \u00e0 argumenter et \u00e0 rep\u00e9rer des anomalies dans des r\u00e9cits. Ces activit\u00e9s leur permettent d&#8217;enrichir consid\u00e9rablement leur vocabulaire. De plus, elle am\u00e9liore la fluence en lecture.<\/p>\n\n\n\n<p>&nbsp;&nbsp;&nbsp;&nbsp;&nbsp;&nbsp;&nbsp;&nbsp;&nbsp; En math\u00e9matiques, l&#8217;accent est mis sur la manipulation afin de rendre cette mati\u00e8r la plus concr\u00e8te possible. Il est primordial de donner du sens aux le\u00e7ons afin de motiver au mieux les enfants.<\/p>\n\n\n\n<p>&nbsp;&nbsp;&nbsp;&nbsp;&nbsp;&nbsp;&nbsp;&nbsp;&nbsp; Les apprentissages se font aussi en dehors de la classe : nous allons au th\u00e9\u00e2tre, \u00e0 la biblioth\u00e8que, au mus\u00e9e&#8230; Nous sortons de la classe dans un but d&#8217;ouverture au monde artistique et culturel.<\/p>\n\n\n\n<p>&nbsp;&nbsp;&nbsp;&nbsp;&nbsp;&nbsp;&nbsp;&nbsp;&nbsp; Les le\u00e7ons d&#8217;\u00e9veil, quant \u00e0 elles, partent souvent du v\u00e9cu des enfants et de leurs questionnements.                        Toujours dans l&#8217;optique de susciter leur curiosit\u00e9 et leur soif d&#8217;apprendre.<\/p>\n\n\n\n<p>Madame Val\u00e9rie<\/p>\n\n\n\n<figure class=\"wp-block-image size-full is-resized\"><img decoding=\"async\" width=\"208\" height=\"234\" src=\"https:\/\/saintpaulregina.be\/r\/wp-content\/uploads\/2023\/11\/Valerie-Po.jpg\" alt=\"\" class=\"wp-image-1917\" style=\"width:146px;height:auto\"\/><\/figure>\n","protected":false},"excerpt":{"rendered":"<p>En 1\u00e8re primaire, les enfants apprennent \u00e0 lire gr\u00e2ce \u00e0 la m\u00e9thode des \u00ab&nbsp;Alphas&nbsp;\u00bb.&nbsp; Tr\u00e8s rapidement, les enfants sont capables de lire des petits mots simples. &nbsp;&nbsp;&nbsp;&nbsp;&nbsp;&nbsp;&nbsp;&nbsp;&nbsp; En deuxi\u00e8me ann\u00e9e, cette approche se poursuit avec la lecture des sons complexes. <a href=\"https:\/\/saintpaulregina.be\/r\/pedagogie\/p1-p2\/\" class=\"read-more\">En lire plus &#8230;<\/a><\/p>\n","protected":false},"author":1,"featured_media":0,"parent":26,"menu_order":4,"comment_status":"closed","ping_status":"closed","template":"","meta":{"footnotes":"[]"},"class_list":["post-25","page","type-page","status-publish","hentry"],"_links":{"self":[{"href":"https:\/\/saintpaulregina.be\/r\/wp-json\/wp\/v2\/pages\/25","targetHints":{"allow":["GET"]}}],"collection":[{"href":"https:\/\/saintpaulregina.be\/r\/wp-json\/wp\/v2\/pages"}],"about":[{"href":"https:\/\/saintpaulregina.be\/r\/wp-json\/wp\/v2\/types\/page"}],"author":[{"embeddable":true,"href":"https:\/\/saintpaulregina.be\/r\/wp-json\/wp\/v2\/users\/1"}],"replies":[{"embeddable":true,"href":"https:\/\/saintpaulregina.be\/r\/wp-json\/wp\/v2\/comments?post=25"}],"version-history":[{"count":24,"href":"https:\/\/saintpaulregina.be\/r\/wp-json\/wp\/v2\/pages\/25\/revisions"}],"predecessor-version":[{"id":4635,"href":"https:\/\/saintpaulregina.be\/r\/wp-json\/wp\/v2\/pages\/25\/revisions\/4635"}],"up":[{"embeddable":true,"href":"https:\/\/saintpaulregina.be\/r\/wp-json\/wp\/v2\/pages\/26"}],"wp:attachment":[{"href":"https:\/\/saintpaulregina.be\/r\/wp-json\/wp\/v2\/media?parent=25"}],"curies":[{"name":"wp","href":"https:\/\/api.w.org\/{rel}","templated":true}]}}