{"id":2963,"date":"2024-07-10T08:49:10","date_gmt":"2024-07-10T06:49:10","guid":{"rendered":"https:\/\/saintpaulregina.be\/r\/?page_id=2963"},"modified":"2025-08-21T11:46:59","modified_gmt":"2025-08-21T09:46:59","slug":"listes-des-fournitures-scolaires","status":"publish","type":"page","link":"https:\/\/saintpaulregina.be\/r\/listes-des-fournitures-scolaires\/","title":{"rendered":"Listes des fournitures scolaires"},"content":{"rendered":"\n<div class=\"wp-block-file\"><a id=\"wp-block-file--media-55e85825-f1b0-4367-891c-53cfc48add54\" href=\"https:\/\/saintpaulregina.be\/r\/wp-content\/uploads\/2024\/07\/Accueil-M1-Liste-materiel-scolaire-Regina-3.pdf\">Accueil &#8211; M1<\/a><a href=\"https:\/\/saintpaulregina.be\/r\/wp-content\/uploads\/2024\/07\/Accueil-M1-Liste-materiel-scolaire-Regina-3.pdf\" class=\"wp-block-file__button wp-element-button\" download aria-describedby=\"wp-block-file--media-55e85825-f1b0-4367-891c-53cfc48add54\">T\u00e9l\u00e9charger<\/a><\/div>\n\n\n\n<div data-wp-interactive=\"core\/file\" class=\"wp-block-file\"><object data-wp-bind--hidden=\"!state.hasPdfPreview\" hidden class=\"wp-block-file__embed\" data=\"https:\/\/saintpaulregina.be\/r\/wp-content\/uploads\/2025\/08\/M2-M3-liste-materiel-scolaire-Regina-1.pdf\" type=\"application\/pdf\" style=\"width:100%;height:200px\" aria-label=\"Contenu embarqu\u00e9 M2-M3-liste-materiel-scolaire-Regina.\"><\/object><a id=\"wp-block-file--media-a69c5fb5-3510-4b57-9212-b4d479961a18\" href=\"https:\/\/saintpaulregina.be\/r\/wp-content\/uploads\/2025\/08\/M2-M3-liste-materiel-scolaire-Regina-1.pdf\">M2-M3-liste-materiel-scolaire-Regina<\/a><a href=\"https:\/\/saintpaulregina.be\/r\/wp-content\/uploads\/2025\/08\/M2-M3-liste-materiel-scolaire-Regina-1.pdf\" class=\"wp-block-file__button wp-element-button\" download aria-describedby=\"wp-block-file--media-a69c5fb5-3510-4b57-9212-b4d479961a18\">T\u00e9l\u00e9charger<\/a><\/div>\n\n\n\n<div class=\"wp-block-file\"><a id=\"wp-block-file--media-811bc50c-5b01-48a5-9cbb-95dd1cf0a3a4\" href=\"https:\/\/saintpaulregina.be\/r\/wp-content\/uploads\/2024\/07\/P1-et-P2-Liste-materiel-P1-et-P2-Regina.pdf\">P1- P2<\/a><a href=\"https:\/\/saintpaulregina.be\/r\/wp-content\/uploads\/2024\/07\/P1-et-P2-Liste-materiel-P1-et-P2-Regina.pdf\" class=\"wp-block-file__button wp-element-button\" download aria-describedby=\"wp-block-file--media-811bc50c-5b01-48a5-9cbb-95dd1cf0a3a4\">T\u00e9l\u00e9charger<\/a><\/div>\n\n\n\n<div data-wp-interactive=\"core\/file\" class=\"wp-block-file\"><object data-wp-bind--hidden=\"!state.hasPdfPreview\" hidden class=\"wp-block-file__embed\" data=\"https:\/\/saintpaulregina.be\/r\/wp-content\/uploads\/2025\/08\/liste-P3-Regina-1.pdf\" type=\"application\/pdf\" style=\"width:100%;height:200px\" aria-label=\"Contenu embarqu\u00e9 liste P3 Regina.\"><\/object><a id=\"wp-block-file--media-35b0233c-2286-448e-b4d6-ff2d72643ed9\" href=\"https:\/\/saintpaulregina.be\/r\/wp-content\/uploads\/2025\/08\/liste-P3-Regina-1.pdf\">liste P3 Regina<\/a><a href=\"https:\/\/saintpaulregina.be\/r\/wp-content\/uploads\/2025\/08\/liste-P3-Regina-1.pdf\" class=\"wp-block-file__button wp-element-button\" download aria-describedby=\"wp-block-file--media-35b0233c-2286-448e-b4d6-ff2d72643ed9\">T\u00e9l\u00e9charger<\/a><\/div>\n\n\n\n<div data-wp-interactive=\"core\/file\" class=\"wp-block-file\"><object data-wp-bind--hidden=\"!state.hasPdfPreview\" hidden class=\"wp-block-file__embed\" data=\"https:\/\/saintpaulregina.be\/r\/wp-content\/uploads\/2025\/08\/Liste-du-materiel-pour-la-4-eme.pdf\" type=\"application\/pdf\" style=\"width:100%;height:200px\" aria-label=\"Contenu embarqu\u00e9 Liste du mat\u00e9riel pour la 4 \u00e8me.\"><\/object><a id=\"wp-block-file--media-4d5fe735-f016-4890-8ce0-65ae26a2bd10\" href=\"https:\/\/saintpaulregina.be\/r\/wp-content\/uploads\/2025\/08\/Liste-du-materiel-pour-la-4-eme.pdf\">Liste du mat\u00e9riel pour la 4 \u00e8me<\/a><a href=\"https:\/\/saintpaulregina.be\/r\/wp-content\/uploads\/2025\/08\/Liste-du-materiel-pour-la-4-eme.pdf\" class=\"wp-block-file__button wp-element-button\" download aria-describedby=\"wp-block-file--media-4d5fe735-f016-4890-8ce0-65ae26a2bd10\">T\u00e9l\u00e9charger<\/a><\/div>\n\n\n\n<div data-wp-interactive=\"core\/file\" class=\"wp-block-file\"><object data-wp-bind--hidden=\"!state.hasPdfPreview\" hidden class=\"wp-block-file__embed\" data=\"https:\/\/saintpaulregina.be\/r\/wp-content\/uploads\/2025\/08\/LISTE-MATERIEL-P5P6-2025-2026.pdf\" type=\"application\/pdf\" style=\"width:100%;height:260px\" aria-label=\"Contenu embarqu\u00e9 LISTE MATERIEL P5P6 2025-2026.\"><\/object><a id=\"wp-block-file--media-efb0a20d-776d-44ba-a5bf-37a1850958d0\" href=\"https:\/\/saintpaulregina.be\/r\/wp-content\/uploads\/2025\/08\/LISTE-MATERIEL-P5P6-2025-2026.pdf\">LISTE MATERIEL P5P6 2025-2026<\/a><a href=\"https:\/\/saintpaulregina.be\/r\/wp-content\/uploads\/2025\/08\/LISTE-MATERIEL-P5P6-2025-2026.pdf\" class=\"wp-block-file__button wp-element-button\" download aria-describedby=\"wp-block-file--media-efb0a20d-776d-44ba-a5bf-37a1850958d0\">T\u00e9l\u00e9charger<\/a><\/div>\n","protected":false},"excerpt":{"rendered":"","protected":false},"author":3,"featured_media":0,"parent":0,"menu_order":0,"comment_status":"closed","ping_status":"closed","template":"","meta":{"footnotes":""},"class_list":["post-2963","page","type-page","status-publish","hentry"],"_links":{"self":[{"href":"https:\/\/saintpaulregina.be\/r\/wp-json\/wp\/v2\/pages\/2963","targetHints":{"allow":["GET"]}}],"collection":[{"href":"https:\/\/saintpaulregina.be\/r\/wp-json\/wp\/v2\/pages"}],"about":[{"href":"https:\/\/saintpaulregina.be\/r\/wp-json\/wp\/v2\/types\/page"}],"author":[{"embeddable":true,"href":"https:\/\/saintpaulregina.be\/r\/wp-json\/wp\/v2\/users\/3"}],"replies":[{"embeddable":true,"href":"https:\/\/saintpaulregina.be\/r\/wp-json\/wp\/v2\/comments?post=2963"}],"version-history":[{"count":8,"href":"https:\/\/saintpaulregina.be\/r\/wp-json\/wp\/v2\/pages\/2963\/revisions"}],"predecessor-version":[{"id":4573,"href":"https:\/\/saintpaulregina.be\/r\/wp-json\/wp\/v2\/pages\/2963\/revisions\/4573"}],"wp:attachment":[{"href":"https:\/\/saintpaulregina.be\/r\/wp-json\/wp\/v2\/media?parent=2963"}],"curies":[{"name":"wp","href":"https:\/\/api.w.org\/{rel}","templated":true}]}}