{"id":37,"date":"2019-04-01T10:42:34","date_gmt":"2019-04-01T08:42:34","guid":{"rendered":"https:\/\/regina2.tshm.be\/?page_id=37"},"modified":"2025-08-30T14:10:56","modified_gmt":"2025-08-30T12:10:56","slug":"psychomotricite","status":"publish","type":"page","link":"https:\/\/saintpaulregina.be\/r\/pedagogie\/psychomotricite\/","title":{"rendered":"Psychomotricit\u00e9"},"content":{"rendered":"\n<p>Pr\u00e9sentation du cours :<\/p>\n\n\n\n<p><br>Dans le cadre de ce cours, les \u00e9l\u00e8ves de maternelles (de la classe d\u2019accueil \u00e0 la 3\u00e8me maternelle)<br>puisent les \u00e9l\u00e9ments d\u2019apprentissage permettant de d\u00e9velopper l\u2019autonomie motrice, sociale,<br>affective et cognitive.<\/p>\n\n\n\n<p><br>Le programme propose 4 champs d\u2019apprentissage fondamentaux :<br>1) Les habilet\u00e9s perceptivo-motrices : agir, explorer et comprendre le monde.<br>2) Les habilet\u00e9s socio-motrices et de citoyennet\u00e9 : se conformer aux limites et vivre en<br>soci\u00e9t\u00e9.<br>3) G\u00e9rer sa sant\u00e9 et la s\u00e9curit\u00e9 : se prot\u00e9ger efficacement et mieux se conna\u00eetre.<br>4) Soutenir l\u2019autonomie : Agir et d\u00e9velopper son autonomie propre.<\/p>\n\n\n<div class=\"wp-block-image\">\n<figure class=\"aligncenter size-full\"><img fetchpriority=\"high\" decoding=\"async\" width=\"271\" height=\"186\" src=\"https:\/\/saintpaulregina.be\/r\/wp-content\/uploads\/2024\/04\/image.png\" alt=\"\" class=\"wp-image-2827\"\/><\/figure>\n<\/div>\n\n\n<p>Les s\u00e9ances sont ludiques, vari\u00e9es et ax\u00e9es selon trois types d\u2019organisation :<br>1. Soit l\u2019activit\u00e9 est spontan\u00e9e : le decorum et la mise en place des modules pousse<br>l\u2019\u00e9l\u00e8ve \u00e0 d\u00e9couvrir l\u2019environnement de mani\u00e8re libre et s\u00e9curis\u00e9e.<br>2. Soit l\u2019activit\u00e9 est suscit\u00e9e : le professeur suscite la motivation de l\u2019\u00e9l\u00e8ve en lui<br>demandant par exemple : \u00ab es-tu capable de grimper \u00e0 la corde ? \u00bb<br>3. Soit l\u2019activit\u00e9 est dirig\u00e9e : le professeur encadre l\u2019activit\u00e9 du d\u00e9but \u00e0 la fin. Les \u00e9l\u00e8ves<br>doivent respecter les consignes verbales ou visuelles et suivre les directives de la<br>s\u00e9ance.<br><br>De plus, le cours de psychomotricit\u00e9 aborde diff\u00e9rentes th\u00e9matiques : les diff\u00e9rentes parties du<br>corps humain (sch\u00e9ma corporel), dissocier la droite et la gauche (lat\u00e9ralit\u00e9), l\u2019orientation<br>spatiale et rythmique ainsi que les bases de la scolarit\u00e9 vus en classe : couleurs, chiffres,<br>lettres de l\u2019alphabet,\u2026<br><\/p>\n\n\n\n<p>Projets et sorties scolaires :<\/p>\n\n\n\n<p><br>Prov\u00e9lo :<br>Par ailleurs, nous proposons des activit\u00e9s en lien avec la suite de leur cursus scolaire : En fin de<br>primaire les \u00e9l\u00e8ves apprennent \u00e0 rouler \u00e0 v\u00e9lo et connaissent les bases du code de la route.<br>D\u00e8s lors, nous proposons \u00e9galement un \u00ab projet v\u00e9lo \u00bb.<br>Il nous para\u00eet opportun de travailler les bases de l\u2019apprentissage du v\u00e9lo, et ce d\u00e8s la maternelle<br>gr\u00e2ce \u00e0 des parcours de ma\u00eetrise de l\u2019engin. Renforcer les appuis p\u00e9destres et l\u2019\u00e9quilibration,<br>suivre une trajectoire ou traverser des obstacles sont des exemples d\u2019indicateurs sur lesquels<br>nous travaillons avec vos enfants pour acqu\u00e9rir cette comp\u00e9tence.<br>Nous utilisons diff\u00e9rents types de v\u00e9lo mis \u00e0 notre disposition : draiziennes, v\u00e9lo \u00e0 petites<br>roulettes et v\u00e9lo \u00e0 p\u00e9dales.<br>Les panneaux de signalisation sont \u00e9galement abord\u00e9s au cours sous forme de jeux ludiques et<br>interactifs.<\/p>\n\n\n\n<p><\/p>\n\n\n\n<p>Enfin, certaines enfants auront l\u2019opportunit\u00e9 d\u2019aller \u00e0 la piscine pour d\u00e9couvrir le milieu<br>aquatique et ses bienfaits. L\u2019accoutumance \u00e0 l\u2019eau \u00e9tant essentielle pour l\u2019apprentissage du<br>\u00ab savoir nager \u00bb.<br><br><\/p>\n\n\n\n<p>Professeur: Madame Eva<\/p>\n\n\n\n<figure class=\"wp-block-image size-full is-resized\"><img decoding=\"async\" width=\"669\" height=\"701\" src=\"https:\/\/saintpaulregina.be\/r\/wp-content\/uploads\/2025\/08\/Eva.jpg\" alt=\"\" class=\"wp-image-4648\" style=\"width:223px;height:auto\" srcset=\"https:\/\/saintpaulregina.be\/r\/wp-content\/uploads\/2025\/08\/Eva.jpg 669w, https:\/\/saintpaulregina.be\/r\/wp-content\/uploads\/2025\/08\/Eva-286x300.jpg 286w, https:\/\/saintpaulregina.be\/r\/wp-content\/uploads\/2025\/08\/Eva-258x270.jpg 258w\" sizes=\"(max-width: 669px) 100vw, 669px\" \/><\/figure>\n","protected":false},"excerpt":{"rendered":"<p>Pr\u00e9sentation du cours : Dans le cadre de ce cours, les \u00e9l\u00e8ves de maternelles (de la classe d\u2019accueil \u00e0 la 3\u00e8me maternelle)puisent les \u00e9l\u00e9ments d\u2019apprentissage permettant de d\u00e9velopper l\u2019autonomie motrice, sociale,affective et cognitive. Le programme propose 4 champs d\u2019apprentissage fondamentaux <a href=\"https:\/\/saintpaulregina.be\/r\/pedagogie\/psychomotricite\/\" class=\"read-more\">En lire plus &#8230;<\/a><\/p>\n","protected":false},"author":1,"featured_media":0,"parent":26,"menu_order":7,"comment_status":"closed","ping_status":"closed","template":"","meta":{"footnotes":""},"class_list":["post-37","page","type-page","status-publish","hentry"],"_links":{"self":[{"href":"https:\/\/saintpaulregina.be\/r\/wp-json\/wp\/v2\/pages\/37","targetHints":{"allow":["GET"]}}],"collection":[{"href":"https:\/\/saintpaulregina.be\/r\/wp-json\/wp\/v2\/pages"}],"about":[{"href":"https:\/\/saintpaulregina.be\/r\/wp-json\/wp\/v2\/types\/page"}],"author":[{"embeddable":true,"href":"https:\/\/saintpaulregina.be\/r\/wp-json\/wp\/v2\/users\/1"}],"replies":[{"embeddable":true,"href":"https:\/\/saintpaulregina.be\/r\/wp-json\/wp\/v2\/comments?post=37"}],"version-history":[{"count":10,"href":"https:\/\/saintpaulregina.be\/r\/wp-json\/wp\/v2\/pages\/37\/revisions"}],"predecessor-version":[{"id":4649,"href":"https:\/\/saintpaulregina.be\/r\/wp-json\/wp\/v2\/pages\/37\/revisions\/4649"}],"up":[{"embeddable":true,"href":"https:\/\/saintpaulregina.be\/r\/wp-json\/wp\/v2\/pages\/26"}],"wp:attachment":[{"href":"https:\/\/saintpaulregina.be\/r\/wp-json\/wp\/v2\/media?parent=37"}],"curies":[{"name":"wp","href":"https:\/\/api.w.org\/{rel}","templated":true}]}}