{"id":145,"date":"2022-10-03T15:08:56","date_gmt":"2022-10-03T13:08:56","guid":{"rendered":"https:\/\/saintpaulregina.be\/sp\/?page_id=145"},"modified":"2026-01-30T10:34:32","modified_gmt":"2026-01-30T09:34:32","slug":"inscriptions","status":"publish","type":"page","link":"https:\/\/saintpaulregina.be\/sp\/inscriptions\/","title":{"rendered":"Inscriptions"},"content":{"rendered":"\n<p>Modalit\u00e9s d\u2019inscription :<\/p>\n\n\n\n<p style=\"font-size:17px\">Voici les documents n\u00e9cessaires \u00e0 pr\u00e9senter lors de l\u2019inscription :<\/p>\n\n\n\n<ul style=\"font-size:16px\" class=\"wp-block-list\">\n<li>Photocopie recto verso de la carte d\u2019identit\u00e9 de papa, de maman et de l\u2019enfant.<\/li>\n\n\n\n<li>Une composition de m\u00e9nage.<\/li>\n<\/ul>\n\n\n\n<p style=\"font-size:16px\">Les inscriptions sont possibles tout au long de l\u2019ann\u00e9e.<\/p>\n\n\n\n<p style=\"font-size:16px\">Contact : Mme Thomas, Directrice \u2013 0475\/24.44.47<\/p>\n\n\n\n<p style=\"font-size:16px\">Vous trouverez ici:<\/p>\n\n\n\n<ul style=\"font-size:16px\" class=\"wp-block-list\">\n<li>les projets \u00e9ducatifs et p\u00e9dagogiques de l\u2019\u00e9cole<\/li>\n\n\n\n<li>le projet d\u2019\u00e9tablissement<\/li>\n\n\n\n<li>le r\u00e8glement d\u2019ordre int\u00e9rieur<\/li>\n\n\n\n<li>le r\u00e8glement des \u00e9tudes<\/li>\n\n\n\n<li>le r\u00e8glement des \u00e9l\u00e8ves<\/li>\n<\/ul>\n\n\n\n<p><\/p>\n","protected":false},"excerpt":{"rendered":"<p>Modalit\u00e9s d\u2019inscription : Voici les documents n\u00e9cessaires \u00e0 pr\u00e9senter lors de l\u2019inscription : Les inscriptions sont possibles tout au long &hellip; <\/p>\n","protected":false},"author":2,"featured_media":0,"parent":0,"menu_order":0,"comment_status":"closed","ping_status":"closed","template":"","meta":{"footnotes":""},"class_list":["post-145","page","type-page","status-publish","hentry"],"_links":{"self":[{"href":"https:\/\/saintpaulregina.be\/sp\/wp-json\/wp\/v2\/pages\/145","targetHints":{"allow":["GET"]}}],"collection":[{"href":"https:\/\/saintpaulregina.be\/sp\/wp-json\/wp\/v2\/pages"}],"about":[{"href":"https:\/\/saintpaulregina.be\/sp\/wp-json\/wp\/v2\/types\/page"}],"author":[{"embeddable":true,"href":"https:\/\/saintpaulregina.be\/sp\/wp-json\/wp\/v2\/users\/2"}],"replies":[{"embeddable":true,"href":"https:\/\/saintpaulregina.be\/sp\/wp-json\/wp\/v2\/comments?post=145"}],"version-history":[{"count":6,"href":"https:\/\/saintpaulregina.be\/sp\/wp-json\/wp\/v2\/pages\/145\/revisions"}],"predecessor-version":[{"id":1715,"href":"https:\/\/saintpaulregina.be\/sp\/wp-json\/wp\/v2\/pages\/145\/revisions\/1715"}],"wp:attachment":[{"href":"https:\/\/saintpaulregina.be\/sp\/wp-json\/wp\/v2\/media?parent=145"}],"curies":[{"name":"wp","href":"https:\/\/api.w.org\/{rel}","templated":true}]}}