{"id":1458,"date":"2025-01-29T09:26:41","date_gmt":"2025-01-29T08:26:41","guid":{"rendered":"https:\/\/saintpaulregina.be\/sp\/?page_id=1458"},"modified":"2025-01-29T09:26:42","modified_gmt":"2025-01-29T08:26:42","slug":"les-projets-de-lecole","status":"publish","type":"page","link":"https:\/\/saintpaulregina.be\/sp\/les-projets-de-lecole\/","title":{"rendered":"Les projets de l&rsquo;\u00e9cole"},"content":{"rendered":"\n<p>Nos projets, faisant aussi partie de notre contrat d\u2019objectifs, favorisent notamment l\u2019ouverture d\u2019esprit, l\u2019implication dans un groupe de travail, l\u2019entraide au sein de celui-ci, la possibilit\u00e9 de d\u00e9fendre ses cr\u00e9ations.<\/p>\n\n\n\n<ul class=\"wp-block-list\">\n<li>Le parrainage entre les \u00e9l\u00e8ves: La solidarit\u00e9 entre les enfants d\u2019\u00e2ges diff\u00e9rents est une r\u00e9elle force au sein de notre \u00e9tablissement.<\/li>\n\n\n\n<li>Le Projet Peca\u00a0: Chaque cycle organise des sorties culturelles et\/ou classes de d\u00e9paysement afin de sensibiliser les enfants au monde qui les entoure.<\/li>\n\n\n\n<li>La piscine\u00a0: L\u2019\u00e9cole s\u2019engage \u00e0 donner des cours de natation d\u00e8s la 3<sup>\u00e8me<\/sup>\u00a0maternelle.<\/li>\n\n\n\n<li>La lecture\u00a0: Les enfants fr\u00e9quentent r\u00e9guli\u00e8rement la biblioth\u00e8que ce qui leur permet de louer des livres pour \u00e9veiller leur go\u00fbt de la lecture et les conscientiser au respect du mat\u00e9riel.<\/li>\n\n\n\n<li>Potager: en construction. <\/li>\n\n\n\n<li>La collation saine\u00a0: Le but \u00e9tant d\u2019offrir une collation saine, vari\u00e9e, qui prend soin de la sant\u00e9 de nos \u00e9l\u00e8ves et de l\u2019environnement.<\/li>\n\n\n\n<li>Le \u00ab\u00a0Z\u00e9ro d\u00e9chet\u00a0\u00bb en partenariat avec Bruxelles propret\u00e9\u00a0: Il s\u2019agit de sensibiliser les enfants, les familles et l\u2019\u00e9quipe \u00e0 contribuer \u00e0 une prise de conscience de la probl\u00e9matique des d\u00e9chets urbains, de favoriser la r\u00e9duction des d\u00e9chets et d\u2019accompagner la d\u00e9marche vers le \u2018Z\u00e9ro d\u00e9chets\u2019.\u00a0<a href=\"https:\/\/environnement.brussels\/\">https:\/\/environnement.brussels\/<\/a><\/li>\n\n\n\n<li>Le projet Pro-v\u00e9lo\u00a0: Dans le cadre de ce projet de mobilit\u00e9, les \u00e9l\u00e8ves de 3<sup>e<\/sup>\u00a0et 4<sup>e<\/sup>\u00a0primaire participent \u00e0 une journ\u00e9e d\u2019initiation \u00ab\u00a0v\u00e9lo\u00a0\u00bb. Les \u00e9l\u00e8ves de 5<sup>e<\/sup>\u00a0et 6<sup>e<\/sup>\u00a0primaire sont amen\u00e9s \u00e0 passer leur brevet Pro-v\u00e9lo. Nous insistons donc sur le fait qu\u2019\u00e0 partir de la 5\u00e8me primaire, la plupart des sorties se font \u00e0 v\u00e9lo (piscine, sorties culturelles, \u2026). \u00a0Poss\u00e9der un v\u00e9lo et savoir rouler sont de r\u00e9els atouts. Ceci am\u00e8ne l\u2019enfant \u00e0 \u00eatre plus autonome, \u00e0 respecter l\u2019environnement et \u00e0 devenir citoyen responsable. Tous les deux ans, les \u00e9l\u00e8ves passent le brevet cycliste sur un parcours de 3 \u00e0 4 km dans les environs de l\u2019\u00e9cole.\u00a0<a href=\"https:\/\/www.provelo.org\/nous-trouver\/pro-velo-bruxelles\/\">https:\/\/www.provelo.org\/nous-trouver\/pro-velo-bruxelles\/<\/a><\/li>\n\n\n\n<li>L\u2019ouverture sur le monde\u00a0: L\u2019\u00e9cole fait partie du r\u00e9seau libre de confession catholique. C\u2019est pourquoi nous organisons des c\u00e9l\u00e9brations lors des f\u00eates religieuses de No\u00ebl et de P\u00e2ques.\u00a0 De par la multi-culturalit\u00e9 de notre \u00e9cole, lors de projets citoyens, nous sensibilisons les enfants \u00e0 la tol\u00e9rance et \u00e0 l\u2019ouverture d\u2019esprit en organisant\u00a0: une op\u00e9ration \u00ab Bol de riz \u00bb, une r\u00e9colte de vivres pour les plus d\u00e9munis, des c\u00e9l\u00e9brations,..<\/li>\n\n\n\n<li>Lutte contre le harc\u00e8lement : Pour l\u2019ann\u00e9e 2024-2025, notre candidature a \u00e9t\u00e9 retenue par la F\u00e9d\u00e9ration Wallonie-Bruxelles pour b\u00e9n\u00e9ficier d\u2019un accompagnement d\u00e9di\u00e9 au climat scolaire et \u00e0 la pr\u00e9vention du (cyber)harc\u00e8lement. Cet encadrement, assur\u00e9 par l\u2019ASBL Promo Jeunes AMO, aidera l\u2019\u00e9quipe \u00e0 construire ce projet sur une p\u00e9riode de quatre ans.\u00a0<a href=\"http:\/\/www.promojeunes-amo.be\/\">http:\/\/www.promojeunes-amo.be<\/a><\/li>\n<\/ul>\n","protected":false},"excerpt":{"rendered":"<p>Nos projets, faisant aussi partie de notre contrat d\u2019objectifs, favorisent notamment l\u2019ouverture d\u2019esprit, l\u2019implication dans un groupe de travail, l\u2019entraide &hellip; <\/p>\n","protected":false},"author":2,"featured_media":0,"parent":0,"menu_order":0,"comment_status":"closed","ping_status":"closed","template":"","meta":{"footnotes":""},"class_list":["post-1458","page","type-page","status-publish","hentry"],"_links":{"self":[{"href":"https:\/\/saintpaulregina.be\/sp\/wp-json\/wp\/v2\/pages\/1458","targetHints":{"allow":["GET"]}}],"collection":[{"href":"https:\/\/saintpaulregina.be\/sp\/wp-json\/wp\/v2\/pages"}],"about":[{"href":"https:\/\/saintpaulregina.be\/sp\/wp-json\/wp\/v2\/types\/page"}],"author":[{"embeddable":true,"href":"https:\/\/saintpaulregina.be\/sp\/wp-json\/wp\/v2\/users\/2"}],"replies":[{"embeddable":true,"href":"https:\/\/saintpaulregina.be\/sp\/wp-json\/wp\/v2\/comments?post=1458"}],"version-history":[{"count":1,"href":"https:\/\/saintpaulregina.be\/sp\/wp-json\/wp\/v2\/pages\/1458\/revisions"}],"predecessor-version":[{"id":1459,"href":"https:\/\/saintpaulregina.be\/sp\/wp-json\/wp\/v2\/pages\/1458\/revisions\/1459"}],"wp:attachment":[{"href":"https:\/\/saintpaulregina.be\/sp\/wp-json\/wp\/v2\/media?parent=1458"}],"curies":[{"name":"wp","href":"https:\/\/api.w.org\/{rel}","templated":true}]}}